{"id":2245,"date":"2025-11-04T22:25:09","date_gmt":"2025-11-04T21:25:09","guid":{"rendered":"https:\/\/viavitae.clinic\/home-2\/?page_id=2245"},"modified":"2025-11-04T22:32:12","modified_gmt":"2025-11-04T21:32:12","slug":"uvodni-stranka","status":"publish","type":"page","link":"https:\/\/viavitae.clinic\/home-2\/","title":{"rendered":"\u00davodn\u00ed str\u00e1nka"},"content":{"rendered":"\n[et_pb_section fb_built=&#8220;1&#8243; theme_builder_area=&#8220;post_content&#8220; _builder_version=&#8220;4.27.4&#8243; _module_preset=&#8220;default&#8220; custom_padding=&#8220;7px||2px|||&#8220;][et_pb_row _builder_version=&#8220;4.27.4&#8243; _module_preset=&#8220;default&#8220; theme_builder_area=&#8220;post_content&#8220; module_alignment=&#8220;center&#8220; use_custom_gutter=&#8220;on&#8220; gutter_width=&#8220;2&#8243; hover_enabled=&#8220;0&#8243; sticky_enabled=&#8220;0&#8243; global_colors_info=&#8220;{%22gcid-d675fe9d-c84e-4ba0-b17f-6a63e478e81d%22:%91%22background_color%22%93}&#8220; background_color=&#8220;gcid-d675fe9d-c84e-4ba0-b17f-6a63e478e81d&#8220;][et_pb_column _builder_version=&#8220;4.27.4&#8243; _module_preset=&#8220;default&#8220; type=&#8220;4_4&#8243; theme_builder_area=&#8220;post_content&#8220; border_radii=&#8220;on|0px|0px|0px|0px&#8220; hover_enabled=&#8220;0&#8243; sticky_enabled=&#8220;0&#8243;][et_pb_button button_text=&#8220;Biorezonance&#8220; _builder_version=&#8220;4.27.4&#8243; _module_preset=&#8220;default&#8220; theme_builder_area=&#8220;post_content&#8220; hover_enabled=&#8220;0&#8243; sticky_enabled=&#8220;0&#8243; button_border_radius=&#8220;0px&#8220; button_letter_spacing=&#8220;0em&#8220; button_font=&#8220;||||||||&#8220; box_shadow_style=&#8220;preset1&#8243; animation_style=&#8220;zoom&#8220; button_alignment=&#8220;center&#8220; button_icon=&#8220;&#x24;||divi||400&#8243; button_rel=&#8220;off|off|off|off|off&#8220; background_layout_last_edited=&#8220;off|desktop&#8220; button_text_size=&#8220;26px&#8220; button_bg_color=&#8220;gcid-secondary-color&#8220; global_colors_info=&#8220;{%22gcid-primary-color%22:%91%22button_text_color%22,%22button_border_color%22,%22button_text_color%22,%22button_border_color%22%93,%22gcid-secondary-color%22:%91%22button_bg_color%22%93}&#8220; button_bg_enable_color=&#8220;on&#8220;][\/et_pb_button][et_pb_button button_text=&#8220;Kraniosakr\u00e1ln\u00ed osteopatie&#8220; _builder_version=&#8220;4.27.4&#8243; _module_preset=&#8220;default&#8220; theme_builder_area=&#8220;post_content&#8220; hover_enabled=&#8220;0&#8243; sticky_enabled=&#8220;0&#8243; button_border_radius=&#8220;0px&#8220; button_letter_spacing=&#8220;0em&#8220; button_font=&#8220;||||||||&#8220; box_shadow_style=&#8220;preset1&#8243; animation_style=&#8220;zoom&#8220; button_alignment=&#8220;center&#8220; button_icon=&#8220;&#x24;||divi||400&#8243; button_text_size=&#8220;26px&#8220; global_colors_info=&#8220;{%22gcid-primary-color%22:%91%22button_text_color%22,%22button_border_color%22,%22button_text_color%22,%22button_border_color%22%93,%22gcid-secondary-color%22:%91%22button_bg_color%22%93}&#8220; button_bg_color=&#8220;gcid-secondary-color&#8220;][\/et_pb_button][et_pb_button button_text=&#8220;\u010c\u00ednsk\u00e1 medic\u00edna&#8220; _builder_version=&#8220;4.27.4&#8243; _module_preset=&#8220;default&#8220; theme_builder_area=&#8220;post_content&#8220; hover_enabled=&#8220;0&#8243; sticky_enabled=&#8220;0&#8243; button_border_radius=&#8220;0px&#8220; button_letter_spacing=&#8220;0em&#8220; button_font=&#8220;||||||||&#8220; box_shadow_style=&#8220;preset1&#8243; animation_style=&#8220;zoom&#8220; button_alignment=&#8220;center&#8220; button_icon=&#8220;&#x24;||divi||400&#8243; button_text_size=&#8220;26px&#8220; global_colors_info=&#8220;{%22gcid-primary-color%22:%91%22button_text_color%22,%22button_border_color%22,%22button_text_color%22,%22button_border_color%22%93,%22gcid-secondary-color%22:%91%22button_bg_color%22%93}&#8220; button_bg_color=&#8220;gcid-secondary-color&#8220;][\/et_pb_button][et_pb_button button_text=&#8220;Biomas\u00e1\u017en\u00ed p\u0159\u00edstroj BEM&#8220; _builder_version=&#8220;4.27.4&#8243; _module_preset=&#8220;default&#8220; theme_builder_area=&#8220;post_content&#8220; hover_enabled=&#8220;0&#8243; sticky_enabled=&#8220;0&#8243; button_border_radius=&#8220;0px&#8220; button_letter_spacing=&#8220;0em&#8220; button_font=&#8220;||||||||&#8220; box_shadow_style=&#8220;preset1&#8243; animation_style=&#8220;zoom&#8220; button_alignment=&#8220;center&#8220; button_icon=&#8220;&#x24;||divi||400&#8243; button_text_size=&#8220;26px&#8220; global_colors_info=&#8220;{%22gcid-primary-color%22:%91%22button_text_color%22,%22button_border_color%22,%22button_text_color%22,%22button_border_color%22%93,%22gcid-secondary-color%22:%91%22button_bg_color%22%93}&#8220; button_bg_color=&#8220;gcid-secondary-color&#8220;][\/et_pb_button][\/et_pb_column][\/et_pb_row][\/et_pb_section]\n","protected":false},"excerpt":{"rendered":"","protected":false},"author":1,"featured_media":0,"parent":0,"menu_order":0,"comment_status":"closed","ping_status":"closed","template":"","meta":{"_et_pb_use_builder":"on","_et_pb_old_content":"","_et_gb_content_width":"","footnotes":""},"class_list":["post-2245","page","type-page","status-publish","hentry"],"_links":{"self":[{"href":"https:\/\/viavitae.clinic\/home-2\/wp-json\/wp\/v2\/pages\/2245","targetHints":{"allow":["GET"]}}],"collection":[{"href":"https:\/\/viavitae.clinic\/home-2\/wp-json\/wp\/v2\/pages"}],"about":[{"href":"https:\/\/viavitae.clinic\/home-2\/wp-json\/wp\/v2\/types\/page"}],"author":[{"embeddable":true,"href":"https:\/\/viavitae.clinic\/home-2\/wp-json\/wp\/v2\/users\/1"}],"replies":[{"embeddable":true,"href":"https:\/\/viavitae.clinic\/home-2\/wp-json\/wp\/v2\/comments?post=2245"}],"version-history":[{"count":3,"href":"https:\/\/viavitae.clinic\/home-2\/wp-json\/wp\/v2\/pages\/2245\/revisions"}],"predecessor-version":[{"id":2360,"href":"https:\/\/viavitae.clinic\/home-2\/wp-json\/wp\/v2\/pages\/2245\/revisions\/2360"}],"wp:attachment":[{"href":"https:\/\/viavitae.clinic\/home-2\/wp-json\/wp\/v2\/media?parent=2245"}],"curies":[{"name":"wp","href":"https:\/\/api.w.org\/{rel}","templated":true}]}}