{"id":2480,"date":"2025-11-05T22:51:18","date_gmt":"2025-11-05T21:51:18","guid":{"rendered":"https:\/\/viavitae.clinic\/home-2\/?page_id=2480"},"modified":"2025-11-06T16:25:31","modified_gmt":"2025-11-06T15:25:31","slug":"cenik","status":"publish","type":"page","link":"https:\/\/viavitae.clinic\/home-2\/cenik\/","title":{"rendered":"Cen\u00edk"},"content":{"rendered":"<p>[et_pb_section fb_built=&#8220;1&#8243; admin_label=&#8220;Header&#8220; _builder_version=&#8220;4.16&#8243; background_image=&#8220;https:\/\/viavitae.clinic\/wp-content\/uploads\/2025\/11\/massage-16-1.jpg&#8220; custom_padding=&#8220;||21px|||&#8220; global_colors_info=&#8220;{}&#8220;][et_pb_row column_structure=&#8220;1_5,3_5,1_5&#8243; _builder_version=&#8220;4.16&#8243; global_colors_info=&#8220;{}&#8220;][et_pb_column type=&#8220;1_5&#8243; _builder_version=&#8220;4.16&#8243; z_index=&#8220;10&#8243; custom_padding=&#8220;250px||||false|false&#8220; custom_padding_tablet=&#8220;0px||||false|false&#8220; custom_padding_phone=&#8220;&#8220; custom_padding_last_edited=&#8220;on|desktop&#8220; global_colors_info=&#8220;{}&#8220;][et_pb_text _builder_version=&#8220;4.16&#8243; header_font=&#8220;Abel||||||||&#8220; header_font_size=&#8220;110px&#8220; header_letter_spacing=&#8220;12px&#8220; header_line_height=&#8220;1.1em&#8220; custom_margin=&#8220;|-500px|||false|false&#8220; custom_margin_tablet=&#8220;|0vw|||false|false&#8220; custom_margin_phone=&#8220;&#8220; custom_margin_last_edited=&#8220;on|tablet&#8220; header_font_tablet=&#8220;Muli|600|||||||&#8220; header_font_phone=&#8220;&#8220; header_font_last_edited=&#8220;on|desktop&#8220; header_font_size_tablet=&#8220;44px&#8220; header_font_size_phone=&#8220;34px&#8220; header_letter_spacing_tablet=&#8220;2px&#8220; header_letter_spacing_phone=&#8220;0px&#8220; header_letter_spacing_last_edited=&#8220;on|desktop&#8220; header_text_shadow_style=&#8220;preset3&#8243; header_text_shadow_color=&#8220;#ffffff&#8220; locked=&#8220;off&#8220; global_colors_info=&#8220;{}&#8220;]<\/p>\n<h1>Cen\u00edk<\/h1>\n<p>&nbsp;<\/p>\n<p>[\/et_pb_text][\/et_pb_column][et_pb_column type=&#8220;3_5&#8243; _builder_version=&#8220;4.16&#8243; global_colors_info=&#8220;{}&#8220;][et_pb_image src=&#8220;https:\/\/viavitae.clinic\/wp-content\/uploads\/2025\/09\/IMG_2656-scaled-e1762372304388.jpg&#8220; alt=&#8220;img 2656&#8243; title_text=&#8220;img 2656&#8243; align=&#8220;center&#8220; _builder_version=&#8220;4.27.4&#8243; z_index=&#8220;1&#8243; max_width_tablet=&#8220;400px&#8220; max_width_phone=&#8220;&#8220; max_width_last_edited=&#8220;on|desktop&#8220; box_shadow_style=&#8220;preset1&#8243; box_shadow_horizontal=&#8220;-40px&#8220; box_shadow_vertical=&#8220;100px&#8220; box_shadow_blur=&#8220;120px&#8220; box_shadow_spread=&#8220;-40px&#8220; global_colors_info=&#8220;{}&#8220;][\/et_pb_image][\/et_pb_column][et_pb_column type=&#8220;1_5&#8243; _builder_version=&#8220;4.16&#8243; global_colors_info=&#8220;{}&#8220;][\/et_pb_column][\/et_pb_row][\/et_pb_section][et_pb_section fb_built=&#8220;1&#8243; admin_label=&#8220;Services&#8220; _builder_version=&#8220;4.16&#8243; use_background_color_gradient=&#8220;on&#8220; background_color_gradient_direction=&#8220;90deg&#8220; background_color_gradient_stops=&#8220;#ffdfd6 0%|#a3331d 100%&#8220; background_color_gradient_start=&#8220;#ffdfd6&#8243; background_color_gradient_end=&#8220;#a3331d&#8220; custom_margin=&#8220;38px||330px||false|false&#8220; global_colors_info=&#8220;{}&#8220;][et_pb_row column_structure=&#8220;1_2,1_4,1_4&#8243; use_custom_gutter=&#8220;on&#8220; gutter_width=&#8220;2&#8243; custom_padding_last_edited=&#8220;on|tablet&#8220; _builder_version=&#8220;4.16&#8243; background_color=&#8220;rgba(255,243,237,0.91)&#8220; background_image=&#8220;https:\/\/viavitae.clinic\/wp-content\/uploads\/2025\/11\/massage-01.png&#8220; background_size=&#8220;contain&#8220; background_position=&#8220;top_right&#8220; width=&#8220;85%&#8220; max_width=&#8220;1280px&#8220; overflow-x=&#8220;visible&#8220; overflow-y=&#8220;visible&#8220; custom_margin=&#8220;-140px|auto|-146px|auto|false|false&#8220; custom_padding=&#8220;|70px||70px|false|true&#8220; custom_padding_tablet=&#8220;|40px||40px|false|true&#8220; custom_padding_phone=&#8220;|20px||20px|false|true&#8220; background_last_edited=&#8220;on|desktop&#8220; background_enable_image_tablet=&#8220;off&#8220; box_shadow_style=&#8220;preset1&#8243; box_shadow_vertical=&#8220;50px&#8220; box_shadow_blur=&#8220;80px&#8220; box_shadow_color=&#8220;rgba(56,21,11,0.09)&#8220; global_colors_info=&#8220;{}&#8220;][et_pb_column type=&#8220;1_2&#8243; _builder_version=&#8220;4.16&#8243; custom_padding=&#8220;100px|40px|||false|false&#8220; custom_padding_tablet=&#8220;0px|0px|||false|false&#8220; custom_padding_phone=&#8220;&#8220; custom_padding_last_edited=&#8220;on|tablet&#8220; global_colors_info=&#8220;{}&#8220;][et_pb_text _builder_version=&#8220;4.27.4&#8243; header_2_font=&#8220;Abel||||||||&#8220; header_2_font_size=&#8220;70px&#8220; header_2_letter_spacing=&#8220;3px&#8220; header_2_line_height=&#8220;1.2em&#8220; max_width=&#8220;800px&#8220; header_2_font_size_phone=&#8220;26px&#8220; header_2_letter_spacing_tablet=&#8220;1px&#8220; header_2_letter_spacing_phone=&#8220;0px&#8220; header_2_letter_spacing_last_edited=&#8220;on|desktop&#8220; locked=&#8220;off&#8220; global_colors_info=&#8220;{}&#8220;]<\/p>\n<h2>Biorezonance<\/h2>\n<p>[\/et_pb_text][et_pb_divider color=&#8220;#ffd4a3&#8243; _builder_version=&#8220;4.16&#8243; width=&#8220;100px&#8220; custom_margin=&#8220;||0px|-70px|false|false&#8220; locked=&#8220;off&#8220; global_colors_info=&#8220;{}&#8220;][\/et_pb_divider][et_pb_text _builder_version=&#8220;4.27.4&#8243; text_font=&#8220;Abel||||||||&#8220; text_font_size=&#8220;18px&#8220; max_width=&#8220;800px&#8220; text_font_size_tablet=&#8220;&#8220; text_font_size_phone=&#8220;14px&#8220; text_font_size_last_edited=&#8220;on|desktop&#8220; text_line_height_tablet=&#8220;&#8220; text_line_height_phone=&#8220;1.6em&#8220; text_line_height_last_edited=&#8220;on|desktop&#8220; locked=&#8220;off&#8220; global_colors_info=&#8220;{}&#8220;]<\/p>\n<ul>\n<li>Prvn\u00ed vy\u0161et\u0159en\u00ed &#8211; diagnostika t\u011bla, harmonizace a konzultace <strong>2500,-K\u010d<\/strong><\/li>\n<li>Dal\u0161\u00ed vy\u0161et\u0159en\u00ed &#8211; diagnostika t\u011bla, harmonizace a konzultace <strong>2000,-K\u010d a v\u00edce, dle d\u00e9lky programu<\/strong><\/li>\n<li>Vy\u0161et\u0159en\u00ed sval\u016f, kloub\u016f a p\u00e1te\u0159e + o\u0161et\u0159en\u00ed mobilizac\u00ed a uvoln\u011bn\u00ed svalov\u00fdch skupin <strong>800,-K\u010d<\/strong><\/li>\n<\/ul>\n<p>[\/et_pb_text][et_pb_image src=&#8220;https:\/\/viavitae.clinic\/wp-content\/uploads\/2025\/11\/massage-08.png&#8220; _builder_version=&#8220;4.16&#8243; max_width=&#8220;360px&#8220; custom_margin=&#8220;||-10vw|-10vw|false|false&#8220; global_colors_info=&#8220;{}&#8220;][\/et_pb_image][\/et_pb_column][et_pb_column type=&#8220;1_4&#8243; _builder_version=&#8220;4.16&#8243; global_colors_info=&#8220;{}&#8220;][et_pb_blurb title=&#8220;P\u0159\u00edstroj BEM&#8220; image=&#8220;https:\/\/viavitae.clinic\/wp-content\/uploads\/2025\/11\/massage-therapy-icon-06-2.png&#8220; _builder_version=&#8220;4.27.4&#8243; header_level=&#8220;h2&#8243; header_font=&#8220;Abel|700|||||||&#8220; header_text_color=&#8220;#8f5f25&#8243; header_font_size=&#8220;20px&#8220; header_line_height=&#8220;1.4em&#8220; body_font=&#8220;Abel||||||||&#8220; body_font_size=&#8220;15px&#8220; use_background_color_gradient=&#8220;on&#8220; background_color_gradient_direction=&#8220;160deg&#8220; background_color_gradient_stops=&#8220;#ffd9ce 0%|#ffaa89 100%&#8220; background_color_gradient_start=&#8220;#ffd9ce&#8220; background_color_gradient_end=&#8220;#ffaa89&#8243; text_orientation=&#8220;center&#8220; background_layout=&#8220;dark&#8220; custom_margin=&#8220;-50px||12%||false|false&#8220; custom_margin_tablet=&#8220;0px||||false|false&#8220; custom_margin_phone=&#8220;&#8220; custom_margin_last_edited=&#8220;on|desktop&#8220; custom_padding=&#8220;40px|16px|40px|16px|true|true&#8220; link_option_url=&#8220;#&#8220; header_font_size_tablet=&#8220;20px&#8220; header_font_size_phone=&#8220;17px&#8220; header_font_size_last_edited=&#8220;on|phone&#8220; body_line_height_tablet=&#8220;&#8220; body_line_height_phone=&#8220;1.6em&#8220; body_line_height_last_edited=&#8220;on|phone&#8220; box_shadow_style=&#8220;preset1&#8243; box_shadow_vertical=&#8220;50px&#8220; box_shadow_blur=&#8220;80px&#8220; box_shadow_color=&#8220;rgba(158,5,0,0.75)&#8220; global_colors_info=&#8220;{}&#8220; header_text_color__hover_enabled=&#8220;off&#8220; filter_brightness__hover_enabled=&#8220;off&#8220; transform_styles__hover_enabled=&#8220;on&#8220; transform_scale__hover=&#8220;106%|106%&#8220; transform_scale__hover_enabled=&#8220;on&#8220; transform_translate__hover_enabled=&#8220;on&#8220; transform_rotate__hover_enabled=&#8220;on&#8220; transform_skew__hover_enabled=&#8220;on&#8220; transform_origin__hover_enabled=&#8220;on&#8220;]<\/p>\n<p style=\"text-align: left;\"><span style=\"color: #ff0000;\"><strong>O\u0161et\u0159en\u00ed p\u0159\u00edstrojem 1200,-K\u010d\/hod<\/strong><\/span><\/p>\n<p style=\"text-align: left;\"><span style=\"color: #ff0000;\"><strong>Ba\u0148kov\u00e1n\u00ed p\u0159\u00edstrojem 500,-K\u010d\/30min<\/strong><\/span><\/p>\n<p>[\/et_pb_blurb][et_pb_blurb title=&#8220;\u010c\u00ednsk\u00e1 medic\u00edna&#8220; image=&#8220;https:\/\/viavitae.clinic\/wp-content\/uploads\/2025\/11\/massage-therapy-icon-04.png&#8220; _builder_version=&#8220;4.27.4&#8243; header_font=&#8220;Abel||||||||&#8220; header_text_color=&#8220;#8f5f25&#8243; header_font_size=&#8220;20px&#8220; header_line_height=&#8220;1.4em&#8220; body_font=&#8220;Abel||||||||&#8220; body_font_size=&#8220;15px&#8220; background_color=&#8220;#ffffff&#8220; background_color_gradient_direction=&#8220;160deg&#8220; text_orientation=&#8220;center&#8220; custom_margin=&#8220;||-180px||false|false&#8220; custom_margin_tablet=&#8220;&#8220; custom_margin_phone=&#8220;||0px||false|false&#8220; custom_margin_last_edited=&#8220;on|tablet&#8220; custom_padding=&#8220;40px|20px|40px|20px|true|true&#8220; link_option_url=&#8220;#&#8220; header_font_size_tablet=&#8220;20px&#8220; header_font_size_phone=&#8220;17px&#8220; header_font_size_last_edited=&#8220;on|phone&#8220; body_line_height_tablet=&#8220;&#8220; body_line_height_phone=&#8220;1.6em&#8220; body_line_height_last_edited=&#8220;on|phone&#8220; box_shadow_style=&#8220;preset1&#8243; box_shadow_vertical=&#8220;50px&#8220; box_shadow_blur=&#8220;80px&#8220; box_shadow_color=&#8220;rgba(12,2,2,0.1)&#8220; locked=&#8220;off&#8220; global_colors_info=&#8220;{}&#8220; transform_styles__hover_enabled=&#8220;on&#8220; transform_scale__hover=&#8220;106%|106%&#8220; transform_scale__hover_enabled=&#8220;on&#8220; transform_translate__hover_enabled=&#8220;on&#8220; transform_rotate__hover_enabled=&#8220;on&#8220; transform_skew__hover_enabled=&#8220;on&#8220; transform_origin__hover_enabled=&#8220;on&#8220;]<\/p>\n<p style=\"text-align: left;\"><strong>produkty Mycomedica<br \/><\/strong>dle platn\u00e9ho maloobchodn\u00edho cen\u00edku<\/p>\n<p>[\/et_pb_blurb][\/et_pb_column][et_pb_column type=&#8220;1_4&#8243; _builder_version=&#8220;4.16&#8243; global_colors_info=&#8220;{}&#8220;][et_pb_blurb title=&#8220;Kraniosakr\u00e1ln\u00ed osteopatie&#8220; image=&#8220;https:\/\/viavitae.clinic\/wp-content\/uploads\/2025\/11\/massage-therapy-icon-03.png&#8220; _builder_version=&#8220;4.27.4&#8243; header_font=&#8220;Abel||||||||&#8220; header_text_color=&#8220;#8f5f25&#8243; header_font_size=&#8220;20px&#8220; header_line_height=&#8220;1.4em&#8220; body_font=&#8220;Abel||||||||&#8220; body_font_size=&#8220;15px&#8220; background_color=&#8220;#ffffff&#8220; background_color_gradient_direction=&#8220;160deg&#8220; text_orientation=&#8220;center&#8220; custom_margin=&#8220;50px||12%||false|false&#8220; custom_margin_tablet=&#8220;&#8220; custom_margin_phone=&#8220;0px||||false|false&#8220; custom_margin_last_edited=&#8220;on|phone&#8220; custom_padding=&#8220;40px|20px|40px|20px|true|true&#8220; link_option_url=&#8220;#&#8220; header_font_size_tablet=&#8220;20px&#8220; header_font_size_phone=&#8220;17px&#8220; header_font_size_last_edited=&#8220;on|phone&#8220; body_line_height_tablet=&#8220;&#8220; body_line_height_phone=&#8220;1.6em&#8220; body_line_height_last_edited=&#8220;on|phone&#8220; box_shadow_style=&#8220;preset1&#8243; box_shadow_vertical=&#8220;50px&#8220; box_shadow_blur=&#8220;80px&#8220; box_shadow_color=&#8220;rgba(12,2,2,0.1)&#8220; locked=&#8220;off&#8220; global_colors_info=&#8220;{}&#8220; transform_styles__hover_enabled=&#8220;on&#8220; transform_scale__hover=&#8220;106%|106%&#8220; transform_scale__hover_enabled=&#8220;on&#8220; transform_translate__hover_enabled=&#8220;on&#8220; transform_rotate__hover_enabled=&#8220;on&#8220; transform_skew__hover_enabled=&#8220;on&#8220; transform_origin__hover_enabled=&#8220;on&#8220;]<\/p>\n<p style=\"text-align: left;\"><strong>Ka\u017ed\u00e9 o\u0161et\u0159en\u00ed 800,-K\u010d<\/strong><\/p>\n<p>[\/et_pb_blurb][et_pb_blurb title=&#8220;Dopl\u0148kov\u00e9 produkty&#8220; image=&#8220;https:\/\/viavitae.clinic\/wp-content\/uploads\/2025\/11\/massage-therapy-icon-011.png&#8220; _builder_version=&#8220;4.27.4&#8243; header_font=&#8220;Abel||||||||&#8220; header_text_color=&#8220;#8f5f25&#8243; header_font_size=&#8220;20px&#8220; header_line_height=&#8220;1.4em&#8220; body_font=&#8220;Abel||||||||&#8220; body_font_size=&#8220;15px&#8220; background_color=&#8220;#fffbf5&#8243; background_color_gradient_direction=&#8220;160deg&#8220; text_orientation=&#8220;center&#8220; custom_margin=&#8220;||-180px||false|false&#8220; custom_padding=&#8220;40px|20px|40px|20px|true|true&#8220; link_option_url=&#8220;#&#8220; header_font_size_tablet=&#8220;20px&#8220; header_font_size_phone=&#8220;17px&#8220; header_font_size_last_edited=&#8220;on|phone&#8220; body_line_height_tablet=&#8220;&#8220; body_line_height_phone=&#8220;1.6em&#8220; body_line_height_last_edited=&#8220;on|phone&#8220; box_shadow_style=&#8220;preset1&#8243; box_shadow_vertical=&#8220;50px&#8220; box_shadow_blur=&#8220;80px&#8220; box_shadow_color=&#8220;rgba(12,2,2,0.1)&#8220; locked=&#8220;off&#8220; global_colors_info=&#8220;{}&#8220; transform_styles__hover_enabled=&#8220;on&#8220; transform_scale__hover=&#8220;106%|106%&#8220; transform_scale__hover_enabled=&#8220;on&#8220; transform_translate__hover_enabled=&#8220;on&#8220; transform_rotate__hover_enabled=&#8220;on&#8220; transform_skew__hover_enabled=&#8220;on&#8220; transform_origin__hover_enabled=&#8220;on&#8220;]<\/p>\n<p style=\"text-align: left;\"><strong>Harmonelo<br \/><\/strong>dle platn\u00e9ho maloobchodn\u00edho cen\u00edku<br \/><strong>Green Ways<br \/><\/strong>Zelen\u00fd je\u010dmen <strong>1150,-K\u010d\/balen\u00ed<\/strong><br \/>Chlorela <strong>1150,-K\u010d\/balen\u00ed<\/strong><\/p>\n<p>[\/et_pb_blurb][\/et_pb_column][\/et_pb_row][\/et_pb_section]<\/p>\n","protected":false},"excerpt":{"rendered":"<p>Cen\u00edk &nbsp;Biorezonance Prvn\u00ed vy\u0161et\u0159en\u00ed &#8211; diagnostika t\u011bla, harmonizace a konzultace 2500,-K\u010d Dal\u0161\u00ed vy\u0161et\u0159en\u00ed &#8211; diagnostika t\u011bla, harmonizace a konzultace 2000,-K\u010d a v\u00edce, dle d\u00e9lky programu Vy\u0161et\u0159en\u00ed sval\u016f, kloub\u016f a p\u00e1te\u0159e + o\u0161et\u0159en\u00ed mobilizac\u00ed a uvoln\u011bn\u00ed svalov\u00fdch skupin 800,-K\u010d O\u0161et\u0159en\u00ed p\u0159\u00edstrojem 1200,-K\u010d\/hod Ba\u0148kov\u00e1n\u00ed p\u0159\u00edstrojem 500,-K\u010d\/30minprodukty Mycomedicadle platn\u00e9ho maloobchodn\u00edho cen\u00edkuKa\u017ed\u00e9 o\u0161et\u0159en\u00ed 800,-K\u010dHarmonelodle platn\u00e9ho maloobchodn\u00edho cen\u00edkuGreen WaysZelen\u00fd je\u010dmen [&hellip;]<\/p>\n","protected":false},"author":1,"featured_media":0,"parent":0,"menu_order":0,"comment_status":"closed","ping_status":"closed","template":"","meta":{"_et_pb_use_builder":"on","_et_pb_old_content":"","_et_gb_content_width":"","footnotes":""},"class_list":["post-2480","page","type-page","status-publish","hentry"],"_links":{"self":[{"href":"https:\/\/viavitae.clinic\/home-2\/wp-json\/wp\/v2\/pages\/2480","targetHints":{"allow":["GET"]}}],"collection":[{"href":"https:\/\/viavitae.clinic\/home-2\/wp-json\/wp\/v2\/pages"}],"about":[{"href":"https:\/\/viavitae.clinic\/home-2\/wp-json\/wp\/v2\/types\/page"}],"author":[{"embeddable":true,"href":"https:\/\/viavitae.clinic\/home-2\/wp-json\/wp\/v2\/users\/1"}],"replies":[{"embeddable":true,"href":"https:\/\/viavitae.clinic\/home-2\/wp-json\/wp\/v2\/comments?post=2480"}],"version-history":[{"count":12,"href":"https:\/\/viavitae.clinic\/home-2\/wp-json\/wp\/v2\/pages\/2480\/revisions"}],"predecessor-version":[{"id":2527,"href":"https:\/\/viavitae.clinic\/home-2\/wp-json\/wp\/v2\/pages\/2480\/revisions\/2527"}],"wp:attachment":[{"href":"https:\/\/viavitae.clinic\/home-2\/wp-json\/wp\/v2\/media?parent=2480"}],"curies":[{"name":"wp","href":"https:\/\/api.w.org\/{rel}","templated":true}]}}